{"id":157,"date":"2023-02-23T07:46:13","date_gmt":"2023-02-23T07:46:13","guid":{"rendered":"https:\/\/www.osuuskuntakiipit.fi\/osuuskunnankotisivut\/?page_id=157"},"modified":"2023-02-23T07:46:14","modified_gmt":"2023-02-23T07:46:14","slug":"esports-turnaus-16-3-2023-kiipulan-janakkalassa","status":"publish","type":"page","link":"https:\/\/www.osuuskuntakiipit.fi\/osuuskunnankotisivut\/esports-turnaus-16-3-2023-kiipulan-janakkalassa\/","title":{"rendered":"eSports turnaus 16.3.2023 Kiipulan Janakkalassa"},"content":{"rendered":"\n<p>Olemme j\u00e4rjest\u00e4m\u00e4ss\u00e4 Kiipulan ammattiopistossa Bittifestarit tapahtumaa 16.3.2023, jossa kaksi erityisammattioppilaitosta (Kiipula ja Spesia) kisaavat kesken\u00e4\u00e4n eSportin tiimoilta Rocket league pelin turnauksessa. Meill\u00e4 on tieto- ja viestint\u00e4tekniikan perustutkinnon opetuksessa mukana eSports-liittyv\u00e4 tutkinnon osa, jonka opetuksen tiimoilta olemme t\u00e4t\u00e4 tapahtumaa esitt\u00e4m\u00e4ss\u00e4 ja samalla esittelem\u00e4ss\u00e4 tuotoksia, joita opiskelijat ovat eri yhteisty\u00f6kumppaneidemme kanssa tehneet ja viritelleet ohjelmoinnin, 3D-mallinnuksen ja eSports-tutkinnon osien tiimoilta. Tapahtumaa ovat j\u00e4rjest\u00e4m\u00e4ss\u00e4 Kiipulan IT-tukihenkil\u00f6koulutuksen henkil\u00f6kunta sek\u00e4 yhteisty\u00f6kumppanimme, joiden kanssa meill\u00e4 on erilaisia projekteja ja yhteisty\u00f6t\u00e4 ollut viimeisen muutaman vuoden ajalta s\u00e4\u00e4nn\u00f6llisesti.<\/p>\n","protected":false},"excerpt":{"rendered":"<p>Olemme j\u00e4rjest\u00e4m\u00e4ss\u00e4 Kiipulan ammattiopistossa Bittifestarit tapahtumaa 16.3.2023, jossa kaksi erityisammattioppilaitosta (Kiipula ja Spesia) kisaavat kesken\u00e4\u00e4n eSportin tiimoilta Rocket league pelin turnauksessa. Meill\u00e4 on tieto- ja viestint\u00e4tekniikan perustutkinnon opetuksessa mukana eSports-liittyv\u00e4 tutkinnon osa, jonka opetuksen tiimoilta olemme t\u00e4t\u00e4 tapahtumaa esitt\u00e4m\u00e4ss\u00e4 ja samalla esittelem\u00e4ss\u00e4 tuotoksia, joita opiskelijat ovat eri yhteisty\u00f6kumppaneidemme kanssa tehneet [&hellip;]<\/p>\n","protected":false},"author":1,"featured_media":0,"parent":0,"menu_order":0,"comment_status":"closed","ping_status":"closed","template":"","meta":{"footnotes":""},"class_list":["post-157","page","type-page","status-publish","hentry"],"_links":{"self":[{"href":"https:\/\/www.osuuskuntakiipit.fi\/osuuskunnankotisivut\/wp-json\/wp\/v2\/pages\/157","targetHints":{"allow":["GET"]}}],"collection":[{"href":"https:\/\/www.osuuskuntakiipit.fi\/osuuskunnankotisivut\/wp-json\/wp\/v2\/pages"}],"about":[{"href":"https:\/\/www.osuuskuntakiipit.fi\/osuuskunnankotisivut\/wp-json\/wp\/v2\/types\/page"}],"author":[{"embeddable":true,"href":"https:\/\/www.osuuskuntakiipit.fi\/osuuskunnankotisivut\/wp-json\/wp\/v2\/users\/1"}],"replies":[{"embeddable":true,"href":"https:\/\/www.osuuskuntakiipit.fi\/osuuskunnankotisivut\/wp-json\/wp\/v2\/comments?post=157"}],"version-history":[{"count":1,"href":"https:\/\/www.osuuskuntakiipit.fi\/osuuskunnankotisivut\/wp-json\/wp\/v2\/pages\/157\/revisions"}],"predecessor-version":[{"id":159,"href":"https:\/\/www.osuuskuntakiipit.fi\/osuuskunnankotisivut\/wp-json\/wp\/v2\/pages\/157\/revisions\/159"}],"wp:attachment":[{"href":"https:\/\/www.osuuskuntakiipit.fi\/osuuskunnankotisivut\/wp-json\/wp\/v2\/media?parent=157"}],"curies":[{"name":"wp","href":"https:\/\/api.w.org\/{rel}","templated":true}]}}