{"id":14,"date":"2023-02-01T11:22:42","date_gmt":"2023-02-01T11:22:42","guid":{"rendered":"https:\/\/www.osuuskuntakiipit.fi\/osuuskunnankotisivut\/?page_id=14"},"modified":"2023-02-22T11:32:24","modified_gmt":"2023-02-22T11:32:24","slug":"huollot-ja-palvelut","status":"publish","type":"page","link":"https:\/\/www.osuuskuntakiipit.fi\/osuuskunnankotisivut\/huollot-ja-palvelut\/","title":{"rendered":"HUOLLOT JA PALVELUT"},"content":{"rendered":"\n<h5 class=\"wp-block-heading\">Tarjoamme asiakkaillemme<\/h5>\n\n\n\n<ul class=\"wp-block-list\">\n<li>Huollot kannettaville ja p\u00f6yt\u00e4koneille<\/li>\n\n\n\n<li>Ohjausta tietokoneen hankinnassa ja k\u00e4yt\u00f6ss\u00e4<\/li>\n\n\n\n<li>Ohjelmistojen asennukset<\/li>\n\n\n\n<li>Web-sivujen suunnittelu ja toteutus<\/li>\n\n\n\n<li>Graafiset ty\u00f6t\n<ul class=\"wp-block-list\">\n<li>Videoiden kuvaus ja editointi<\/li>\n<\/ul>\n<\/li>\n<\/ul>\n\n\n\n<p><\/p>\n\n\n\n<h5 class=\"wp-block-heading\">Kun tuot tietokoneesi meille huoltoon muista:<\/h5>\n\n\n\n<ul class=\"wp-block-list\">\n<li>kannettavan tietokoneen laturi ja virtajohto<\/li>\n\n\n\n<li>tarvittaessa k\u00e4ytt\u00f6j\u00e4rjestelm\u00e4- ja ajurilevyt sek\u00e4 ohjelmistojen asennuslevyt<\/li>\n\n\n\n<li>k\u00e4ytt\u00f6j\u00e4rjestelm\u00e4n ja ohjelmistojen lisenssikoodit<\/li>\n\n\n\n<li>mahdollinen ongelman aiheuttaja (esim. tulostin virtajohtoineen)<\/li>\n<\/ul>\n\n\n\n<h6 class=\"wp-block-heading\">Koneen huoltoarvio on meill\u00e4 ilmainen!<\/h6>\n","protected":false},"excerpt":{"rendered":"<p>Tarjoamme asiakkaillemme Kun tuot tietokoneesi meille huoltoon muista: Koneen huoltoarvio on meill\u00e4 ilmainen!<\/p>\n","protected":false},"author":1,"featured_media":0,"parent":0,"menu_order":0,"comment_status":"closed","ping_status":"closed","template":"","meta":{"footnotes":""},"class_list":["post-14","page","type-page","status-publish","hentry"],"_links":{"self":[{"href":"https:\/\/www.osuuskuntakiipit.fi\/osuuskunnankotisivut\/wp-json\/wp\/v2\/pages\/14","targetHints":{"allow":["GET"]}}],"collection":[{"href":"https:\/\/www.osuuskuntakiipit.fi\/osuuskunnankotisivut\/wp-json\/wp\/v2\/pages"}],"about":[{"href":"https:\/\/www.osuuskuntakiipit.fi\/osuuskunnankotisivut\/wp-json\/wp\/v2\/types\/page"}],"author":[{"embeddable":true,"href":"https:\/\/www.osuuskuntakiipit.fi\/osuuskunnankotisivut\/wp-json\/wp\/v2\/users\/1"}],"replies":[{"embeddable":true,"href":"https:\/\/www.osuuskuntakiipit.fi\/osuuskunnankotisivut\/wp-json\/wp\/v2\/comments?post=14"}],"version-history":[{"count":5,"href":"https:\/\/www.osuuskuntakiipit.fi\/osuuskunnankotisivut\/wp-json\/wp\/v2\/pages\/14\/revisions"}],"predecessor-version":[{"id":118,"href":"https:\/\/www.osuuskuntakiipit.fi\/osuuskunnankotisivut\/wp-json\/wp\/v2\/pages\/14\/revisions\/118"}],"wp:attachment":[{"href":"https:\/\/www.osuuskuntakiipit.fi\/osuuskunnankotisivut\/wp-json\/wp\/v2\/media?parent=14"}],"curies":[{"name":"wp","href":"https:\/\/api.w.org\/{rel}","templated":true}]}}