{"id":12,"date":"2023-02-01T11:22:51","date_gmt":"2023-02-01T11:22:51","guid":{"rendered":"https:\/\/www.osuuskuntakiipit.fi\/osuuskunnankotisivut\/?page_id=12"},"modified":"2023-02-23T12:42:37","modified_gmt":"2023-02-23T12:42:37","slug":"tietoa-meista","status":"publish","type":"page","link":"https:\/\/www.osuuskuntakiipit.fi\/osuuskunnankotisivut\/tietoa-meista\/","title":{"rendered":"TIETOA MEIST\u00c4"},"content":{"rendered":"\n<p>Osuuskunta Kiip-IT on Kiipulan Ammattiopistolla H\u00e4meenlinnassa toimiva pedagoginen osuuskunta, joka koostuu IT-tukihenkil\u00f6opiskelijoista, opettajista ja valmentajista. Meid\u00e4n tavoitteenamme on tarjota opiskelijoille mahdollisuus harjoitella ty\u00f6ss\u00e4oppimista tarjoamalla heille oikeita t\u00f6it\u00e4. Samalla tarjoamme asiakkaillemme laadukasta IT-tukea.<\/p>\n\n\n\n<p>Osuuskunta Kiip-IT on paljon yhteisty\u00f6ss\u00e4 H\u00e4meenlinnan kirjaston sek\u00e4 H\u00e4meenlinnan kaupungin Pys\u00e4kki-toiminnan (senioreille ja maahanmuuttajille tarkoitettua toimintaa) kanssa. Opiskelijat ovat auttaneet heit\u00e4 arjen digiaputilanteissa, asiakasneuvonnassa ja tietoteknisiss\u00e4 asioissa erilaisille heid\u00e4n asiakkaille. Opiskelijat ovat olleet vahvasti mukana osuuskunnan asiakast\u00f6iss\u00e4 opiskelujen alkuvaiheesta l\u00e4htien.<\/p>\n\n\n\n<p>Kiinnostuksemme osuuskuntaa kohtaan pohjautui palavalle halulle tehd\u00e4 opiskelun aikana oikeita t\u00f6it\u00e4. <\/p>\n\n\n\n<p>IT-tukihenkil\u00f6koulutuksemme Kiipulassa perustuu monipuoliseen tieto -ja viestint\u00e4tekniikan ilmi\u00f6iden ja trendien (kuten teko\u00e4lyn) hy\u00f6dynt\u00e4miseen opetuksessa. Opetuksessa hy\u00f6dynn\u00e4mme yhteisopettajuutta, vertaisoppimista ja ketter\u00e4\u00e4 tapaa toimia projektien ja ilmi\u00f6iden parissa. <\/p>\n\n\n\n<p>Olemme olleet mukana viimeisen vuoden aikana useissa kansainv\u00e4lisiss\u00e4 projekteissa opiskelijoiden kanssa, kuten:<\/p>\n\n\n\n<p>&#8211;<strong>Nuori yritt\u00e4jyys (SENS-hanke, julkaistu artikkeli yhteisty\u00f6st\u00e4mme) <\/strong><br><a rel=\"noreferrer noopener\" href=\"https:\/\/eur03.safelinks.protection.outlook.com\/?url=https%3A%2F%2Fwww.haaga-helia.fi%2Ffi%2Fajankohtaista%2Fartikkelit%2Fentrepreneurship-curriculum-supporter-youngsters-wellbeing&amp;data=05%7C01%7CPirjo.Saaranen%40haaga-helia.fi%7Cc2a32b71a25742d1cd8708da9d4e22d3%7Ca9e39483dd214c25b8482a625cff7939%7C0%7C0%7C637995256164013524%7CUnknown%7CTWFpbGZsb3d8eyJWIjoiMC4wLjAwMDAiLCJQIjoiV2luMzIiLCJBTiI6Ik1haWwiLCJXVCI6Mn0%3D%7C3000%7C%7C%7C&amp;sdata=DYFDTvlQq9kvTEevXJ8L5KqcxNrp79u2T4TE7gsAp7E%3D&amp;reserved=0\" target=\"_blank\">https:\/\/www.haaga-helia.fi\/fi\/ajankohtaista\/artikkelit\/entrepreneurship-curriculum-supporter-youngsters-wellbeing<\/a><\/p>\n\n\n\n<p> &#8211;<strong>eRasmus vaihto<\/strong> <strong>Espanjan Sevillan eWeggo-ohjelmointiyrityksess\u00e4 <\/strong><br><a rel=\"noreferrer noopener\" href=\"https:\/\/kiipulaitsevillassa.blogspot.com\/\" target=\"_blank\">https:\/\/kiipulaitsevillassa.blogspot.com\/<\/a> <\/p>\n\n\n\n<p><br>&#8211;<strong>Kansainv\u00e4linen ammattitaitokisa Abilympics <\/strong><br><a rel=\"noreferrer noopener\" href=\"https:\/\/abilympics2023.com\/uk\/welcome\/\" target=\"_blank\">https:\/\/abilympics2023.com\/uk\/welcome\/#<\/a>, jossa opiskelija l\u00e4htee kisaamaan kansainv\u00e4lisille areenoille tietokoneen kokoamisessa yhdess\u00e4 valmentajan kanssa. <\/p>\n\n\n\n<p>&#8211;<strong>Special eSports kilpailu Nokia areenalla<\/strong> liittyen \u201desteett\u00f6m\u00e4n ja yhdenvertaisen kulttuurin seminaaritapahtumaan\u201d <br><a rel=\"noreferrer noopener\" href=\"https:\/\/www.tuni.fi\/fi\/ajankohtaista\/esteet-nurin-suuntana-yhdenvertainen-kulttuuri-esteettoman-kulttuurin-tapahtuma-ja\" target=\"_blank\">https:\/\/www.tuni.fi\/fi\/ajankohtaista\/esteet-nurin-suuntana-yhdenvertainen-kulttuuri-esteettoman-kulttuurin-tapahtuma-ja<\/a>, jossa mitalisuora tuli mukavasti Kiipulan tieto- ja viestint\u00e4tekniikan opiskelijoille.&nbsp;<\/p>\n\n\n\n<h3 class=\"wp-block-heading\"><strong>Mist\u00e4 kaikki alkoi<\/strong>?<\/h3>\n\n\n\n<p>Kev\u00e4\u00e4ll\u00e4 2014 saimme vieraaksemme Tiimiakatemiasta Jyv\u00e4skyl\u00e4st\u00e4 kaksi opiskelijaa kertomaan toiminnastaan Osuuskunta Innomossa. My\u00f6hemmin he pitiv\u00e4t meille muutaman p\u00e4iv\u00e4n opintop\u00e4iv\u00e4t, joissa k\u00e4ytiin l\u00e4pi erilaisia osuuskuntaa koskevia asioita. Mukana oli opiskelijoita, opettajia ja muuta henkil\u00f6kuntaa. Teimme erilaisia teht\u00e4vi\u00e4 pienryhmiss\u00e4 ja ne purettiin yhdess\u00e4. Opettajat ja valmentajat tekiv\u00e4t omia teht\u00e4vi\u00e4\u00e4n. Aina ensimm\u00e4isen\u00e4 aamuisin pidettiin fiilis-kierros. Sit\u00e4 toteutetaan edelleen omassa osuuskunnassamme maanantaisin.<\/p>\n\n\n\n<p><strong>T\u00e4m\u00e4nhetkinen tavoite on asiakaskunnan laajentaminen ja vakiinnuttaminen. Mainostaminen tapahtuu sosiaalisen median kautta ja esitteit\u00e4 jakamalla. <\/strong><\/p>\n","protected":false},"excerpt":{"rendered":"<p>Osuuskunta Kiip-IT on Kiipulan Ammattiopistolla H\u00e4meenlinnassa toimiva pedagoginen osuuskunta, joka koostuu IT-tukihenkil\u00f6opiskelijoista, opettajista ja valmentajista. Meid\u00e4n tavoitteenamme on tarjota opiskelijoille mahdollisuus harjoitella ty\u00f6ss\u00e4oppimista tarjoamalla heille oikeita t\u00f6it\u00e4. Samalla tarjoamme asiakkaillemme laadukasta IT-tukea. Osuuskunta Kiip-IT on paljon yhteisty\u00f6ss\u00e4 H\u00e4meenlinnan kirjaston sek\u00e4 H\u00e4meenlinnan kaupungin Pys\u00e4kki-toiminnan (senioreille ja maahanmuuttajille tarkoitettua toimintaa) kanssa. Opiskelijat [&hellip;]<\/p>\n","protected":false},"author":1,"featured_media":0,"parent":0,"menu_order":0,"comment_status":"closed","ping_status":"closed","template":"","meta":{"footnotes":""},"class_list":["post-12","page","type-page","status-publish","hentry"],"_links":{"self":[{"href":"https:\/\/www.osuuskuntakiipit.fi\/osuuskunnankotisivut\/wp-json\/wp\/v2\/pages\/12","targetHints":{"allow":["GET"]}}],"collection":[{"href":"https:\/\/www.osuuskuntakiipit.fi\/osuuskunnankotisivut\/wp-json\/wp\/v2\/pages"}],"about":[{"href":"https:\/\/www.osuuskuntakiipit.fi\/osuuskunnankotisivut\/wp-json\/wp\/v2\/types\/page"}],"author":[{"embeddable":true,"href":"https:\/\/www.osuuskuntakiipit.fi\/osuuskunnankotisivut\/wp-json\/wp\/v2\/users\/1"}],"replies":[{"embeddable":true,"href":"https:\/\/www.osuuskuntakiipit.fi\/osuuskunnankotisivut\/wp-json\/wp\/v2\/comments?post=12"}],"version-history":[{"count":10,"href":"https:\/\/www.osuuskuntakiipit.fi\/osuuskunnankotisivut\/wp-json\/wp\/v2\/pages\/12\/revisions"}],"predecessor-version":[{"id":219,"href":"https:\/\/www.osuuskuntakiipit.fi\/osuuskunnankotisivut\/wp-json\/wp\/v2\/pages\/12\/revisions\/219"}],"wp:attachment":[{"href":"https:\/\/www.osuuskuntakiipit.fi\/osuuskunnankotisivut\/wp-json\/wp\/v2\/media?parent=12"}],"curies":[{"name":"wp","href":"https:\/\/api.w.org\/{rel}","templated":true}]}}